{"id":418,"date":"2019-08-20T15:06:54","date_gmt":"2019-08-20T15:06:54","guid":{"rendered":"http:\/\/littledino.wgl-demo.net\/?page_id=418"},"modified":"2024-08-01T10:55:27","modified_gmt":"2024-08-01T08:55:27","slug":"nannies","status":"publish","type":"page","link":"https:\/\/www.kumaro.ba\/?page_id=418","title":{"rendered":"Na\u0161i Partneri"},"content":{"rendered":"\t\t<div data-elementor-type=\"wp-post\" data-elementor-id=\"418\" class=\"elementor elementor-418\">\n\t\t\t\t\t\t<div class=\"elementor-inner\">\n\t\t\t\t<div class=\"elementor-section-wrap\">\n\t\t\t\t\t\t\t\t\t<section class=\"elementor-section elementor-top-section elementor-element elementor-element-8454eb8 elementor-section-boxed elementor-section-height-default elementor-section-height-default\" data-id=\"8454eb8\" data-element_type=\"section\">\n\t\t\t\t\t\t<div class=\"elementor-container elementor-column-gap-default\">\n\t\t\t\t\t\t\t<div class=\"elementor-row\">\n\t\t\t\t\t<div class=\"elementor-column elementor-col-100 elementor-top-column elementor-element elementor-element-97ae564\" data-id=\"97ae564\" data-element_type=\"column\">\n\t\t\t<div class=\"elementor-column-wrap elementor-element-populated\">\n\t\t\t\t\t\t\t<div class=\"elementor-widget-wrap\">\n\t\t\t\t\t\t<div class=\"elementor-element elementor-element-97d189c elementor-widget elementor-widget-text-editor\" data-id=\"97d189c\" data-element_type=\"widget\" data-widget_type=\"text-editor.default\">\n\t\t\t\t<div class=\"elementor-widget-container\">\n\t\t\t<style>\/*! elementor - v3.6.5 - 27-04-2022 *\/\n.elementor-widget-text-editor.elementor-drop-cap-view-stacked .elementor-drop-cap{background-color:#818a91;color:#fff}.elementor-widget-text-editor.elementor-drop-cap-view-framed .elementor-drop-cap{color:#818a91;border:3px solid;background-color:transparent}.elementor-widget-text-editor:not(.elementor-drop-cap-view-default) .elementor-drop-cap{margin-top:8px}.elementor-widget-text-editor:not(.elementor-drop-cap-view-default) .elementor-drop-cap-letter{width:1em;height:1em}.elementor-widget-text-editor .elementor-drop-cap{float:left;text-align:center;line-height:1;font-size:50px}.elementor-widget-text-editor .elementor-drop-cap-letter{display:inline-block}<\/style>\t\t\t\t\t<div class=\"elementor-text-editor elementor-clearfix\">\n\t\t\t\t<p><strong>Na\u0161e proizvode mo\u017eete prona\u0107i u objektima: Bingo, DexyCo, Knji\u017eara Kultura, Tropic, Moj Market, Crvena Jabuka, FIS, MyBook, Tr\u017enica Banja Luka, Market AS, KORT marketi, FORTUNA marketi, \u0160iki marketi\u2026 kao i svim dobro opremljenim knji\u017earama, marketima i radnjama u Bosni i Hercegovini.<\/strong><\/p>\t\t\t\t\t<\/div>\n\t\t\t\t\t\t<\/div>\n\t\t\t\t<\/div>\n\t\t\t\t\t\t<\/div>\n\t\t\t\t\t<\/div>\n\t\t<\/div>\n\t\t\t\t\t\t\t\t<\/div>\n\t\t\t\t\t<\/div>\n\t\t<\/section>\n\t\t\t\t<section class=\"elementor-section elementor-top-section elementor-element elementor-element-cc6786b elementor-section-boxed elementor-section-height-default elementor-section-height-default\" data-id=\"cc6786b\" data-element_type=\"section\">\n\t\t\t\t\t\t<div class=\"elementor-container elementor-column-gap-default\">\n\t\t\t\t\t\t\t<div class=\"elementor-row\">\n\t\t\t\t\t<div class=\"elementor-column elementor-col-100 elementor-top-column elementor-element elementor-element-24d0cda\" data-id=\"24d0cda\" data-element_type=\"column\">\n\t\t\t<div class=\"elementor-column-wrap elementor-element-populated\">\n\t\t\t\t\t\t\t<div class=\"elementor-widget-wrap\">\n\t\t\t\t\t\t<div class=\"elementor-element elementor-element-abc5748 elementor-invisible elementor-widget elementor-widget-wgl-team\" data-id=\"abc5748\" data-element_type=\"widget\" data-settings=\"{&quot;_animation&quot;:&quot;zoomIn&quot;}\" data-widget_type=\"wgl-team.default\">\n\t\t\t\t<div class=\"elementor-widget-container\">\n\t\t\t\n        <div id=littledino_team_69f1de047bf26 class=\"wgl_module_team team-col_4 aleft\">\n            <div class=\"team-items_wrap\">\n                <div class=\"team-item\"><div class=\"team-item_wrap\"><div class=\"team-item_content\"><div class=\"team-image\"><img decoding=\"async\" src=\"https:\/\/www.kumaro.ba\/wp-content\/uploads\/2022\/05\/Bingo-LOGO-01-540x540.jpg\" alt=\"\" \/><div class=\"team-info_icons\"><span class=\"team-icon\"><a href=\"https:\/\/www.bingotuzla.ba\/\" class=\"fa fa-mouse-pointer\"><\/a><\/span><span class=\"team-icon\"><a href=\"https:\/\/www.facebook.com\/bingotuzla\/\" class=\"fa fa-facebook\"><\/a><\/span><span class=\"team-icon\"><a href=\"https:\/\/www.instagram.com\/bingo_bih\/\" class=\"fa fa-instagram\"><\/a><\/span><span class=\"team-icon\"><a href=\"https:\/\/www.youtube.com\/c\/BingoTuzlaAkcije\" class=\"fa fa-youtube\"><\/a><\/span><\/div><\/div><\/div><div class=\"team-item_info\"><div class=\"team-item_titles\"><\/div><\/div><\/div><\/div><div class=\"team-item\"><div class=\"team-item_wrap\"><div class=\"team-item_content\"><div class=\"team-image\"><img decoding=\"async\" src=\"https:\/\/www.kumaro.ba\/wp-content\/uploads\/2024\/08\/jumbo540x540-540x540.jpg\" alt=\"\" \/><div class=\"team-info_icons\"><span class=\"team-icon\"><a href=\"https:\/\/jumbo.ba\/bs\" class=\"fa fa-mouse-pointer\"><\/a><\/span><span class=\"team-icon\"><a href=\"https:\/\/www.facebook.com\/JumboBosnia\/\" class=\"fa fa-facebook\"><\/a><\/span><span class=\"team-icon\"><a href=\"https:\/\/www.instagram.com\/jumbo_bih\/\" class=\"fa fa-instagram\"><\/a><\/span><span class=\"team-icon\"><a href=\"https:\/\/www.youtube.com\/@jumbobih\" class=\"fa fa-youtube\"><\/a><\/span><\/div><\/div><\/div><div class=\"team-item_info\"><div class=\"team-item_titles\"><\/div><\/div><\/div><\/div><div class=\"team-item\"><div class=\"team-item_wrap\"><div class=\"team-item_content\"><div class=\"team-image\"><img decoding=\"async\" src=\"https:\/\/www.kumaro.ba\/wp-content\/uploads\/2022\/05\/01-01-540x540.jpg\" alt=\"\" \/><div class=\"team-info_icons\"><span class=\"team-icon\"><a href=\"https:\/\/www.dexyco.ba\/\" class=\"fa fa-mouse-pointer\"><\/a><\/span><span class=\"team-icon\"><a href=\"https:\/\/www.facebook.com\/DexyCoBiH\" class=\"fa fa-facebook\"><\/a><\/span><span class=\"team-icon\"><a href=\"https:\/\/www.instagram.com\/dexycobih\/\" class=\"fa fa-instagram\"><\/a><\/span><span class=\"team-icon\"><a href=\"https:\/\/www.youtube.com\/c\/DexyCoSrbija\" class=\"fa fa-youtube\"><\/a><\/span><\/div><\/div><\/div><div class=\"team-item_info\"><div class=\"team-item_titles\"><\/div><\/div><\/div><\/div><div class=\"team-item\"><div class=\"team-item_wrap\"><div class=\"team-item_content\"><div class=\"team-image\"><img decoding=\"async\" src=\"https:\/\/www.kumaro.ba\/wp-content\/uploads\/2022\/05\/02-01-540x540.jpg\" alt=\"\" \/><div class=\"team-info_icons\"><span class=\"team-icon\"><a href=\"https:\/\/www.knjizarakultura.com\/\" class=\"fa fa-mouse-pointer\"><\/a><\/span><span class=\"team-icon\"><a href=\"https:\/\/www.facebook.com\/KnjizaraKulturaBL\" class=\"fa fa-facebook\"><\/a><\/span><span class=\"team-icon\"><a href=\"https:\/\/www.instagram.com\/knjizarakultura\/\" class=\"fa fa-instagram\"><\/a><\/span><\/div><\/div><\/div><div class=\"team-item_info\"><div class=\"team-item_titles\"><\/div><\/div><\/div><\/div><div class=\"team-item\"><div class=\"team-item_wrap\"><div class=\"team-item_content\"><div class=\"team-image\"><img decoding=\"async\" src=\"https:\/\/www.kumaro.ba\/wp-content\/uploads\/2023\/11\/tropic540x540-540x540.jpg\" alt=\"\" \/><div class=\"team-info_icons\"><span class=\"team-icon\"><a href=\"https:\/\/tropic.ba\/\" class=\"fa fa-mouse-pointer\"><\/a><\/span><\/div><\/div><\/div><div class=\"team-item_info\"><div class=\"team-item_titles\"><\/div><\/div><\/div><\/div><div class=\"team-item\"><div class=\"team-item_wrap\"><div class=\"team-item_content\"><div class=\"team-image\"><img decoding=\"async\" src=\"https:\/\/www.kumaro.ba\/wp-content\/uploads\/2023\/11\/mojmarket540x540-540x540.jpg\" alt=\"\" \/><div class=\"team-info_icons\"><span class=\"team-icon\"><a href=\"https:\/\/www.mojmarket.ba\/\" class=\"fa fa-mouse-pointer\"><\/a><\/span><\/div><\/div><\/div><div class=\"team-item_info\"><div class=\"team-item_titles\"><\/div><\/div><\/div><\/div><div class=\"team-item\"><div class=\"team-item_wrap\"><div class=\"team-item_content\"><div class=\"team-image\"><img decoding=\"async\" src=\"https:\/\/www.kumaro.ba\/wp-content\/uploads\/2019\/08\/03-01-540x540.jpg\" alt=\"\" \/><div class=\"team-info_icons\"><span class=\"team-icon\"><a href=\"https:\/\/fis.ba\/\" class=\"fa fa-mouse-pointer\"><\/a><\/span><span class=\"team-icon\"><a href=\"https:\/\/www.facebook.com\/FISdoo\" class=\"fa fa-facebook\"><\/a><\/span><span class=\"team-icon\"><a href=\"https:\/\/www.instagram.com\/fis.ba\/\" class=\"fa fa-instagram\"><\/a><\/span><\/div><\/div><\/div><div class=\"team-item_info\"><div class=\"team-item_titles\"><\/div><\/div><\/div><\/div><div class=\"team-item\"><div class=\"team-item_wrap\"><div class=\"team-item_content\"><div class=\"team-image\"><img decoding=\"async\" src=\"https:\/\/www.kumaro.ba\/wp-content\/uploads\/2024\/08\/bazzar540x540-540x540.jpg\" alt=\"\" \/><div class=\"team-info_icons\"><span class=\"team-icon\"><a href=\"https:\/\/bazzar.ba\/\" class=\"fa fa-mouse-pointer\"><\/a><\/span><span class=\"team-icon\"><a href=\"https:\/\/www.facebook.com\/people\/Bazzarba\/100094887062989\/\" class=\"fa fa-facebook\"><\/a><\/span><span class=\"team-icon\"><a href=\"https:\/\/www.instagram.com\/bazzar__ba\/\" class=\"fa fa-instagram\"><\/a><\/span><\/div><\/div><\/div><div class=\"team-item_info\"><div class=\"team-item_titles\"><\/div><\/div><\/div><\/div><div class=\"team-item\"><div class=\"team-item_wrap\"><div class=\"team-item_content\"><div class=\"team-image\"><img decoding=\"async\" src=\"https:\/\/www.kumaro.ba\/wp-content\/uploads\/2022\/05\/04-01-1-540x540.jpg\" alt=\"\" \/><div class=\"team-info_icons\"><span class=\"team-icon\"><a href=\"https:\/\/www.mybook.ba\/#!\/\" class=\"fa fa-mouse-pointer\"><\/a><\/span><span class=\"team-icon\"><a href=\"https:\/\/www.facebook.com\/mybook.knjizare\" class=\"fa fa-facebook\"><\/a><\/span><span class=\"team-icon\"><a href=\"https:\/\/www.instagram.com\/knjizara.mybook\/\" class=\"fa fa-instagram\"><\/a><\/span><\/div><\/div><\/div><div class=\"team-item_info\"><div class=\"team-item_titles\"><\/div><\/div><\/div><\/div><div class=\"team-item\"><div class=\"team-item_wrap\"><div class=\"team-item_content\"><div class=\"team-image\"><img decoding=\"async\" src=\"https:\/\/www.kumaro.ba\/wp-content\/uploads\/2022\/05\/05-01-540x540.jpg\" alt=\"\" \/><div class=\"team-info_icons\"><span class=\"team-icon\"><a href=\"https:\/\/trznica-bl.com\/\" class=\"fa fa-mouse-pointer\"><\/a><\/span><span class=\"team-icon\"><a href=\"https:\/\/www.facebook.com\/banjaluckatrznica\" class=\"fa fa-facebook\"><\/a><\/span><span class=\"team-icon\"><a href=\"https:\/\/www.instagram.com\/trznica_banjaluka\/\" class=\"fa fa-instagram\"><\/a><\/span><\/div><\/div><\/div><div class=\"team-item_info\"><div class=\"team-item_titles\"><\/div><\/div><\/div><\/div><div class=\"team-item\"><div class=\"team-item_wrap\"><div class=\"team-item_content\"><div class=\"team-image\"><img decoding=\"async\" src=\"https:\/\/www.kumaro.ba\/wp-content\/uploads\/2022\/05\/06-01-1-540x540.jpg\" alt=\"\" \/><div class=\"team-info_icons\"><span class=\"team-icon\"><a href=\"https:\/\/ashome.shop\/\" class=\"fa fa-mouse-pointer\"><\/a><\/span><span class=\"team-icon\"><a href=\"https:\/\/www.facebook.com\/marketasbl\" class=\"fa fa-facebook\"><\/a><\/span><span class=\"team-icon\"><a href=\"https:\/\/www.instagram.com\/market_as_\/\" class=\"fa fa-instagram\"><\/a><\/span><\/div><\/div><\/div><div class=\"team-item_info\"><div class=\"team-item_titles\"><\/div><\/div><\/div><\/div><div class=\"team-item\"><div class=\"team-item_wrap\"><div class=\"team-item_content\"><div class=\"team-image\"><img decoding=\"async\" src=\"https:\/\/www.kumaro.ba\/wp-content\/uploads\/2022\/05\/07-01-1-540x540.jpg\" alt=\"\" \/><div class=\"team-info_icons\"><span class=\"team-icon\"><a href=\"https:\/\/kortmarketi.com\/\" class=\"fa fa-mouse-pointer\"><\/a><\/span><span class=\"team-icon\"><a href=\"https:\/\/www.facebook.com\/FructaTradeDoo\" class=\"fa fa-facebook\"><\/a><\/span><span class=\"team-icon\"><a href=\"https:\/\/www.instagram.com\/fructatrade_kortmarketi\/\" class=\"fa fa-instagram\"><\/a><\/span><\/div><\/div><\/div><div class=\"team-item_info\"><div class=\"team-item_titles\"><\/div><\/div><\/div><\/div><div class=\"team-item\"><div class=\"team-item_wrap\"><div class=\"team-item_content\"><div class=\"team-image\"><img decoding=\"async\" src=\"https:\/\/www.kumaro.ba\/wp-content\/uploads\/2022\/05\/08-01-1-540x540.jpg\" alt=\"\" \/><div class=\"team-info_icons\"><span class=\"team-icon\"><a href=\"https:\/\/fortunamarketi.com\/\" class=\"fa fa-mouse-pointer\"><\/a><\/span><span class=\"team-icon\"><a href=\"https:\/\/www.facebook.com\/FortunaMarketi\" class=\"fa fa-facebook\"><\/a><\/span><span class=\"team-icon\"><a href=\"https:\/\/www.instagram.com\/fortuna_marketi\/\" class=\"fa fa-instagram\"><\/a><\/span><\/div><\/div><\/div><div class=\"team-item_info\"><div class=\"team-item_titles\"><\/div><\/div><\/div><\/div>            <\/div>\n        <\/div>\n\n        \t\t<\/div>\n\t\t\t\t<\/div>\n\t\t\t\t\t\t<\/div>\n\t\t\t\t\t<\/div>\n\t\t<\/div>\n\t\t\t\t\t\t\t\t<\/div>\n\t\t\t\t\t<\/div>\n\t\t<\/section>\n\t\t\t\t<section class=\"elementor-section elementor-top-section elementor-element elementor-element-68e49cd elementor-section-boxed elementor-section-height-default elementor-section-height-default\" data-id=\"68e49cd\" data-element_type=\"section\" data-settings=\"{&quot;background_background&quot;:&quot;classic&quot;}\">\n\t\t\t\t\t\t<div class=\"elementor-container elementor-column-gap-default\">\n\t\t\t\t\t\t\t<div class=\"elementor-row\">\n\t\t\t\t\t<div class=\"elementor-column elementor-col-100 elementor-top-column elementor-element elementor-element-ecf2675\" data-id=\"ecf2675\" data-element_type=\"column\">\n\t\t\t<div class=\"elementor-column-wrap elementor-element-populated\">\n\t\t\t\t\t\t\t<div class=\"elementor-widget-wrap\">\n\t\t\t\t\t\t<div class=\"elementor-element elementor-element-d32e4ca elementor-widget elementor-widget-spacer\" data-id=\"d32e4ca\" data-element_type=\"widget\" data-widget_type=\"spacer.default\">\n\t\t\t\t<div class=\"elementor-widget-container\">\n\t\t\t<style>\/*! elementor - v3.6.5 - 27-04-2022 *\/\n.e-container.e-container--row .elementor-spacer-inner{width:var(--spacer-size)}.e-container.e-container--column .elementor-spacer-inner,.elementor-column .elementor-spacer-inner{height:var(--spacer-size)}<\/style>\t\t<div class=\"elementor-spacer\">\n\t\t\t<div class=\"elementor-spacer-inner\"><\/div>\n\t\t<\/div>\n\t\t\t\t<\/div>\n\t\t\t\t<\/div>\n\t\t\t\t\t\t<\/div>\n\t\t\t\t\t<\/div>\n\t\t<\/div>\n\t\t\t\t\t\t\t\t<\/div>\n\t\t\t\t\t<\/div>\n\t\t<\/section>\n\t\t\t\t<section class=\"elementor-section elementor-top-section elementor-element elementor-element-d5dbacb elementor-section-boxed elementor-section-height-default elementor-section-height-default\" data-id=\"d5dbacb\" data-element_type=\"section\" data-settings=\"{&quot;background_background&quot;:&quot;classic&quot;}\">\n\t\t\t\t\t\t<div class=\"elementor-container elementor-column-gap-default\">\n\t\t\t\t\t\t\t<div class=\"elementor-row\">\n\t\t\t\t\t<div class=\"elementor-column elementor-col-100 elementor-top-column elementor-element elementor-element-8a966a0\" data-id=\"8a966a0\" data-element_type=\"column\">\n\t\t\t<div class=\"elementor-column-wrap elementor-element-populated\">\n\t\t\t\t\t\t\t<div class=\"elementor-widget-wrap\">\n\t\t\t\t\t\t<div class=\"elementor-element elementor-element-7beacc4 elementor-widget elementor-widget-spacer\" data-id=\"7beacc4\" data-element_type=\"widget\" data-widget_type=\"spacer.default\">\n\t\t\t\t<div class=\"elementor-widget-container\">\n\t\t\t\t\t<div class=\"elementor-spacer\">\n\t\t\t<div class=\"elementor-spacer-inner\"><\/div>\n\t\t<\/div>\n\t\t\t\t<\/div>\n\t\t\t\t<\/div>\n\t\t\t\t<div class=\"elementor-element elementor-element-434bbd6 elementor-widget elementor-widget-heading\" data-id=\"434bbd6\" data-element_type=\"widget\" data-widget_type=\"heading.default\">\n\t\t\t\t<div class=\"elementor-widget-container\">\n\t\t\t<style>\/*! elementor - v3.6.5 - 27-04-2022 *\/\n.elementor-heading-title{padding:0;margin:0;line-height:1}.elementor-widget-heading .elementor-heading-title[class*=elementor-size-]>a{color:inherit;font-size:inherit;line-height:inherit}.elementor-widget-heading .elementor-heading-title.elementor-size-small{font-size:15px}.elementor-widget-heading .elementor-heading-title.elementor-size-medium{font-size:19px}.elementor-widget-heading .elementor-heading-title.elementor-size-large{font-size:29px}.elementor-widget-heading .elementor-heading-title.elementor-size-xl{font-size:39px}.elementor-widget-heading .elementor-heading-title.elementor-size-xxl{font-size:59px}<\/style><h2 class=\"elementor-heading-title elementor-size-default\">Pozovite nas odmah na<\/h2>\t\t<\/div>\n\t\t\t\t<\/div>\n\t\t\t\t<div class=\"elementor-element elementor-element-893e476 elementor-widget elementor-widget-heading\" data-id=\"893e476\" data-element_type=\"widget\" data-widget_type=\"heading.default\">\n\t\t\t\t<div class=\"elementor-widget-container\">\n\t\t\t<h3 class=\"elementor-heading-title elementor-size-default\">+387 66 951 281 ili<\/h3>\t\t<\/div>\n\t\t\t\t<\/div>\n\t\t\t\t<div class=\"elementor-element elementor-element-0854598 elementor-align-center elementor-widget elementor-widget-wgl-button\" data-id=\"0854598\" data-element_type=\"widget\" data-widget_type=\"wgl-button.default\">\n\t\t\t\t<div class=\"elementor-widget-container\">\n\t\t\t<div class=\"wgl-button-wrapper \"><a class=\"wgl-button elementor-button button-link size-xl\" role=\"button\" href=\"https:\/\/www.kumaro.ba\/?page_id=1189\"><div class=\"button-content-wrapper \"><span class=\"elementor-button-text\">Pi\u0161ite nam<\/span><svg class=\"wgl-dashes inner-dashed-border animated-dashes\"><rect x=\"5px\" y=\"5px\" rx=\"23px\" ry=\"23px\" width=\"0\" height=\"0\"><\/rect><\/svg>            <\/div>\n            <\/a>\n        <\/div>\n        \t\t<\/div>\n\t\t\t\t<\/div>\n\t\t\t\t<div class=\"elementor-element elementor-element-7305ade elementor-widget elementor-widget-spacer\" data-id=\"7305ade\" data-element_type=\"widget\" data-widget_type=\"spacer.default\">\n\t\t\t\t<div class=\"elementor-widget-container\">\n\t\t\t\t\t<div class=\"elementor-spacer\">\n\t\t\t<div class=\"elementor-spacer-inner\"><\/div>\n\t\t<\/div>\n\t\t\t\t<\/div>\n\t\t\t\t<\/div>\n\t\t\t\t\t\t<\/div>\n\t\t\t\t\t<\/div>\n\t\t<\/div>\n\t\t\t\t\t\t\t\t<\/div>\n\t\t\t\t\t<\/div>\n\t\t<\/section>\n\t\t\t\t<section class=\"elementor-section elementor-top-section elementor-element elementor-element-1835364 elementor-section-stretched elementor-section-full_width elementor-section-height-default elementor-section-height-default\" data-id=\"1835364\" data-element_type=\"section\" data-settings=\"{&quot;stretch_section&quot;:&quot;section-stretched&quot;,&quot;background_background&quot;:&quot;classic&quot;}\">\n\t\t\t\t\t\t<div class=\"elementor-container elementor-column-gap-no\">\n\t\t\t\t\t\t\t<div class=\"elementor-row\">\n\t\t\t\t\t<div class=\"elementor-column elementor-col-100 elementor-top-column elementor-element elementor-element-d2fa7b0\" data-id=\"d2fa7b0\" data-element_type=\"column\">\n\t\t\t<div class=\"elementor-column-wrap elementor-element-populated\">\n\t\t\t\t\t\t\t<div class=\"elementor-widget-wrap\">\n\t\t\t\t\t\t<div class=\"elementor-element elementor-element-d923c02 elementor-widget elementor-widget-spacer\" data-id=\"d923c02\" data-element_type=\"widget\" data-widget_type=\"spacer.default\">\n\t\t\t\t<div class=\"elementor-widget-container\">\n\t\t\t\t\t<div class=\"elementor-spacer\">\n\t\t\t<div class=\"elementor-spacer-inner\"><\/div>\n\t\t<\/div>\n\t\t\t\t<\/div>\n\t\t\t\t<\/div>\n\t\t\t\t\t\t<\/div>\n\t\t\t\t\t<\/div>\n\t\t<\/div>\n\t\t\t\t\t\t\t\t<\/div>\n\t\t\t\t\t<\/div>\n\t\t<\/section>\n\t\t\t\t\t\t\t\t\t<\/div>\n\t\t\t<\/div>\n\t\t\t\t\t<\/div>\n\t\t","protected":false},"excerpt":{"rendered":"<p>Na\u0161e proizvode mo\u017eete prona\u0107i u objektima: Bingo, DexyCo, Knji\u017eara Kultura, Tropic, Moj Market, Crvena Jabuka, FIS, MyBook, Tr\u017enica Banja Luka, Market AS, KORT marketi, FORTUNA marketi, \u0160iki marketi\u2026 kao i svim dobro opremljenim knji\u017earama, marketima i radnjama u Bosni i Hercegovini. Pozovite nas odmah na +387 66 951 281 ili Pi\u0161ite nam<\/p>\n","protected":false},"author":1,"featured_media":0,"parent":0,"menu_order":0,"comment_status":"closed","ping_status":"closed","template":"","meta":{"footnotes":""},"class_list":["post-418","page","type-page","status-publish","hentry"],"_links":{"self":[{"href":"https:\/\/www.kumaro.ba\/index.php?rest_route=\/wp\/v2\/pages\/418","targetHints":{"allow":["GET"]}}],"collection":[{"href":"https:\/\/www.kumaro.ba\/index.php?rest_route=\/wp\/v2\/pages"}],"about":[{"href":"https:\/\/www.kumaro.ba\/index.php?rest_route=\/wp\/v2\/types\/page"}],"author":[{"embeddable":true,"href":"https:\/\/www.kumaro.ba\/index.php?rest_route=\/wp\/v2\/users\/1"}],"replies":[{"embeddable":true,"href":"https:\/\/www.kumaro.ba\/index.php?rest_route=%2Fwp%2Fv2%2Fcomments&post=418"}],"version-history":[{"count":77,"href":"https:\/\/www.kumaro.ba\/index.php?rest_route=\/wp\/v2\/pages\/418\/revisions"}],"predecessor-version":[{"id":4650,"href":"https:\/\/www.kumaro.ba\/index.php?rest_route=\/wp\/v2\/pages\/418\/revisions\/4650"}],"wp:attachment":[{"href":"https:\/\/www.kumaro.ba\/index.php?rest_route=%2Fwp%2Fv2%2Fmedia&parent=418"}],"curies":[{"name":"wp","href":"https:\/\/api.w.org\/{rel}","templated":true}]}}